{"id":47,"date":"2024-01-11T16:04:13","date_gmt":"2024-01-11T15:04:13","guid":{"rendered":"https:\/\/lafoliegiverny.com\/?page_id=47"},"modified":"2026-03-10T15:01:04","modified_gmt":"2026-03-10T14:01:04","slug":"prestations","status":"publish","type":"page","link":"https:\/\/lafoliegiverny.com\/index.php\/prestations\/","title":{"rendered":"Prestations"},"content":{"rendered":"\t\t<div data-elementor-type=\"wp-page\" data-elementor-id=\"47\" class=\"elementor elementor-47\" data-elementor-post-type=\"page\">\n\t\t\t\t<div class=\"elementor-element elementor-element-533a7e1 e-flex e-con-boxed e-con e-parent\" data-id=\"533a7e1\" data-element_type=\"container\" data-e-type=\"container\">\n\t\t\t\t\t<div class=\"e-con-inner\">\n\t\t\t\t<div class=\"elementor-element elementor-element-cfddf68 elementor-widget elementor-widget-spacer\" data-id=\"cfddf68\" data-element_type=\"widget\" data-e-type=\"widget\" data-widget_type=\"spacer.default\">\n\t\t\t\t<div class=\"elementor-widget-container\">\n\t\t\t\t\t\t\t<div class=\"elementor-spacer\">\n\t\t\t<div class=\"elementor-spacer-inner\"><\/div>\n\t\t<\/div>\n\t\t\t\t\t\t<\/div>\n\t\t\t\t<\/div>\n\t\t\t\t\t<\/div>\n\t\t\t\t<\/div>\n\t\t<div class=\"elementor-element elementor-element-1b2992c e-flex e-con-boxed e-con e-parent\" data-id=\"1b2992c\" data-element_type=\"container\" data-e-type=\"container\">\n\t\t\t\t\t<div class=\"e-con-inner\">\n\t\t\t\t<div class=\"elementor-element elementor-element-847bf6e elementor-widget elementor-widget-heading\" data-id=\"847bf6e\" data-element_type=\"widget\" data-e-type=\"widget\" data-widget_type=\"heading.default\">\n\t\t\t\t<div class=\"elementor-widget-container\">\n\t\t\t\t\t<h2 class=\"elementor-heading-title elementor-size-default\">Prestations<\/h2>\t\t\t\t<\/div>\n\t\t\t\t<\/div>\n\t\t\t\t<div class=\"elementor-element elementor-element-0f29188 elementor-widget-divider--view-line elementor-widget elementor-widget-divider\" data-id=\"0f29188\" data-element_type=\"widget\" data-e-type=\"widget\" data-widget_type=\"divider.default\">\n\t\t\t\t<div class=\"elementor-widget-container\">\n\t\t\t\t\t\t\t<div class=\"elementor-divider\">\n\t\t\t<span class=\"elementor-divider-separator\">\n\t\t\t\t\t\t<\/span>\n\t\t<\/div>\n\t\t\t\t\t\t<\/div>\n\t\t\t\t<\/div>\n\t\t\t\t<div class=\"elementor-element elementor-element-86487a3 elementor-widget elementor-widget-text-editor\" data-id=\"86487a3\" data-element_type=\"widget\" data-e-type=\"widget\" data-widget_type=\"text-editor.default\">\n\t\t\t\t<div class=\"elementor-widget-container\">\n\t\t\t\t\t\t\t\t\t<p style=\"text-align: center;\">Vous trouverez ici les tarifs pour votre s\u00e9jour, ainsi que toutes les prestations dont vous pourrez b\u00e9n\u00e9ficier lors de votre visite<\/p>\t\t\t\t\t\t\t\t<\/div>\n\t\t\t\t<\/div>\n\t\t\t\t\t<\/div>\n\t\t\t\t<\/div>\n\t\t<div class=\"elementor-element elementor-element-34d6868 e-flex e-con-boxed e-con e-parent\" data-id=\"34d6868\" data-element_type=\"container\" data-e-type=\"container\">\n\t\t\t\t\t<div class=\"e-con-inner\">\n\t\t\t\t<div class=\"elementor-element elementor-element-91bd59f elementor-widget elementor-widget-heading\" data-id=\"91bd59f\" data-element_type=\"widget\" data-e-type=\"widget\" data-widget_type=\"heading.default\">\n\t\t\t\t<div class=\"elementor-widget-container\">\n\t\t\t\t\t<h2 class=\"elementor-heading-title elementor-size-default\">Tarifs<\/h2>\t\t\t\t<\/div>\n\t\t\t\t<\/div>\n\t\t\t\t\t<\/div>\n\t\t\t\t<\/div>\n\t\t<div class=\"elementor-element elementor-element-0ec9d84 e-flex e-con-boxed e-con e-parent\" data-id=\"0ec9d84\" data-element_type=\"container\" data-e-type=\"container\">\n\t\t\t\t\t<div class=\"e-con-inner\">\n\t\t\t\t<div class=\"elementor-element elementor-element-ee3f128 elementor-widget elementor-widget-text-editor\" data-id=\"ee3f128\" data-element_type=\"widget\" data-e-type=\"widget\" data-widget_type=\"text-editor.default\">\n\t\t\t\t<div class=\"elementor-widget-container\">\n\t\t\t\t\t\t\t\t\t<ul><li style=\"text-align: center;\">Privatisation totale du g\u00eete \u00e0 partir de 495\u20ac jusqu&rsquo;\u00e0 895\u20ac la nuit pour 6 personnes en fonction des p\u00e9riodes demand\u00e9es. N&rsquo;h\u00e9sitez pas \u00e0 nous consulter afin d&rsquo;obtenir un devis personnalis\u00e9.<\/li><\/ul>\t\t\t\t\t\t\t\t<\/div>\n\t\t\t\t<\/div>\n\t\t\t\t\t<\/div>\n\t\t\t\t<\/div>\n\t\t<div class=\"elementor-element elementor-element-251c25d e-flex e-con-boxed e-con e-parent\" data-id=\"251c25d\" data-element_type=\"container\" data-e-type=\"container\">\n\t\t\t\t\t<div class=\"e-con-inner\">\n\t\t\t\t<div class=\"elementor-element elementor-element-1485d2a elementor-widget elementor-widget-heading\" data-id=\"1485d2a\" data-element_type=\"widget\" data-e-type=\"widget\" data-widget_type=\"heading.default\">\n\t\t\t\t<div class=\"elementor-widget-container\">\n\t\t\t\t\t<h2 class=\"elementor-heading-title elementor-size-default\">Prestations G\u00e9n\u00e9rales<\/h2>\t\t\t\t<\/div>\n\t\t\t\t<\/div>\n\t\t\t\t\t<\/div>\n\t\t\t\t<\/div>\n\t\t<div class=\"elementor-element elementor-element-d27fe46 e-flex e-con-boxed e-con e-parent\" data-id=\"d27fe46\" data-element_type=\"container\" data-e-type=\"container\">\n\t\t\t\t\t<div class=\"e-con-inner\">\n\t\t\t\t<div class=\"elementor-element elementor-element-074d429 elementor-widget elementor-widget-text-editor\" data-id=\"074d429\" data-element_type=\"widget\" data-e-type=\"widget\" data-widget_type=\"text-editor.default\">\n\t\t\t\t<div class=\"elementor-widget-container\">\n\t\t\t\t\t\t\t\t\t<p style=\"text-align: center;\"><strong>Tout d&rsquo;abord il est \u00e0 noter que le g\u00eete est non fumeur (en int\u00e9rieur) et que malgr\u00e9 notre amour pour eux, les animaux ne sont pas accept\u00e9s.<\/strong><\/p>\t\t\t\t\t\t\t\t<\/div>\n\t\t\t\t<\/div>\n\t\t\t\t\t<\/div>\n\t\t\t\t<\/div>\n\t\t<div class=\"elementor-element elementor-element-a0af4bc e-flex e-con-boxed e-con e-parent\" data-id=\"a0af4bc\" data-element_type=\"container\" data-e-type=\"container\">\n\t\t\t\t\t<div class=\"e-con-inner\">\n\t\t<div class=\"elementor-element elementor-element-a11ad8e e-con-full e-flex e-con e-child\" data-id=\"a11ad8e\" data-element_type=\"container\" data-e-type=\"container\">\n\t\t\t\t<div class=\"elementor-element elementor-element-63b1e4d elementor-widget__width-initial elementor-widget elementor-widget-text-editor\" data-id=\"63b1e4d\" data-element_type=\"widget\" data-e-type=\"widget\" data-widget_type=\"text-editor.default\">\n\t\t\t\t<div class=\"elementor-widget-container\">\n\t\t\t\t\t\t\t\t\t<h2 data-path-to-node=\"2\"><b data-path-to-node=\"2\" data-index-in-node=\"0\">Nos Prestations : L&rsquo;Art de Recevoir \u00e0 Giverny<\/b><\/h2>\n<p data-path-to-node=\"3\"><i data-path-to-node=\"3\" data-index-in-node=\"0\">Vivez une exp\u00e9rience hors du temps dans une demeure o\u00f9 chaque d\u00e9tail a \u00e9t\u00e9 pens\u00e9 pour votre s\u00e9r\u00e9nit\u00e9. Entre confort absolu et \u00e9quipements d&rsquo;exception, d\u00e9couvrez les services qui feront de votre s\u00e9jour un moment inoubliable.<\/i><\/p>\n<hr data-path-to-node=\"4\">\n<h3 data-path-to-node=\"5\"><b data-path-to-node=\"5\" data-index-in-node=\"0\"><img decoding=\"async\" draggable=\"false\" role=\"img\" class=\"emoji\" alt=\"\ud83d\udecf\ufe0f\" src=\"https:\/\/s.w.org\/images\/core\/emoji\/17.0.2\/svg\/1f6cf.svg\"> Nuit &amp; Confort de Prestige<\/b><\/h3>\n<p data-path-to-node=\"6\">Le repos est au c\u0153ur de l&rsquo;exp\u00e9rience \u00ab\u00a0La Folie\u00a0\u00bb. Nous avons privil\u00e9gi\u00e9 l&rsquo;espace et l&rsquo;intimit\u00e9 pour chacun de nos h\u00f4tes.<\/p>\n<ul data-path-to-node=\"7\">\n<li>\n<p data-path-to-node=\"7,0,0\"><b data-path-to-node=\"7,0,0\" data-index-in-node=\"0\">3 Suites Signature :<\/b> Chacune dot\u00e9e de sa propre <b data-path-to-node=\"7,0,0\" data-index-in-node=\"48\">douche \u00e0 l&rsquo;italienne<\/b> pour une ind\u00e9pendance totale.<\/p>\n<\/li>\n<li>\n<p data-path-to-node=\"7,1,0\"><b data-path-to-node=\"7,1,0\" data-index-in-node=\"0\">Sommeil d&rsquo;Exception :<\/b> Literie de haute technologie en format <b data-path-to-node=\"7,1,0\" data-index-in-node=\"61\">King Size (180 cm)<\/b>, garantissant un confort h\u00f4telier de grand luxe.<\/p>\n<\/li>\n<li>\n<p data-path-to-node=\"7,2,0\"><b data-path-to-node=\"7,2,0\" data-index-in-node=\"0\">Espaces de Vie :<\/b> Un <b data-path-to-node=\"7,2,0\" data-index-in-node=\"20\">salon<\/b> chaleureux et une <b data-path-to-node=\"7,2,0\" data-index-in-node=\"44\">salle \u00e0 manger ind\u00e9pendante<\/b> pour savourer vos moments de convivialit\u00e9 en toute libert\u00e9.<\/p>\n<\/li>\n<\/ul>\n<h3 data-path-to-node=\"8\"><b data-path-to-node=\"8\" data-index-in-node=\"0\"><img decoding=\"async\" draggable=\"false\" role=\"img\" class=\"emoji\" alt=\"\ud83e\uddd8\" src=\"https:\/\/s.w.org\/images\/core\/emoji\/17.0.2\/svg\/1f9d8.svg\"> Espace Bien-\u00catre &amp; Spa Privatif<\/b><\/h3>\n<p data-path-to-node=\"9\">Un sanctuaire de relaxation rien que pour vous, accessible \u00e0 tout moment de la journ\u00e9e.<\/p>\n<ul data-path-to-node=\"10\">\n<li>\n<p data-path-to-node=\"10,0,0\"><b data-path-to-node=\"10,0,0\" data-index-in-node=\"0\">Sauna :<\/b> Profitez de la chaleur s\u00e8che pour une d\u00e9toxification profonde.<\/p>\n<\/li>\n<li>\n<p data-path-to-node=\"10,1,0\"><b data-path-to-node=\"10,1,0\" data-index-in-node=\"0\">S\u00e9r\u00e9nit\u00e9 :<\/b> Un espace d\u00e9di\u00e9 au ressourcement apr\u00e8s une journ\u00e9e de visite dans les jardins de Monet.<\/p>\n<\/li>\n<\/ul>\n<h3 data-path-to-node=\"11\"><b data-path-to-node=\"11\" data-index-in-node=\"0\"><img decoding=\"async\" draggable=\"false\" role=\"img\" class=\"emoji\" alt=\"\ud83c\udf3f\" src=\"https:\/\/s.w.org\/images\/core\/emoji\/17.0.2\/svg\/1f33f.svg\"> Ext\u00e9rieurs &amp; Gastronomie de Plein Air<\/b><\/h3>\n<p data-path-to-node=\"12\">Profitez de la douceur de vivre normande dans notre \u00e9crin de verdure clos.<\/p>\n<ul data-path-to-node=\"13\">\n<li>\n<p data-path-to-node=\"13,0,0\"><b data-path-to-node=\"13,0,0\" data-index-in-node=\"0\">L&rsquo;Exp\u00e9rience OFYR :<\/b> Une <b data-path-to-node=\"13,0,0\" data-index-in-node=\"24\">grande terrasse<\/b> \u00e9quip\u00e9e d&rsquo;un <b data-path-to-node=\"13,0,0\" data-index-in-node=\"53\">brasero-plancha BBQ Ofyr<\/b>, pour des repas spectaculaires et gourmands.<\/p>\n<\/li>\n<li>\n<p data-path-to-node=\"13,1,0\"><b data-path-to-node=\"13,1,0\" data-index-in-node=\"0\">D\u00e9tente &amp; Loisirs :<\/b> Un <b data-path-to-node=\"13,1,0\" data-index-in-node=\"23\">terrain de p\u00e9tanque<\/b> priv\u00e9 et un <b data-path-to-node=\"13,1,0\" data-index-in-node=\"55\">salon de jardin<\/b> ombrag\u00e9 au sein d&rsquo;un jardin clos et s\u00e9curis\u00e9.<\/p>\n<\/li>\n<\/ul>\n<h3 data-path-to-node=\"14\"><b data-path-to-node=\"14\" data-index-in-node=\"0\"><img decoding=\"async\" draggable=\"false\" role=\"img\" class=\"emoji\" alt=\"\ud83c\udf73\" src=\"https:\/\/s.w.org\/images\/core\/emoji\/17.0.2\/svg\/1f373.svg\"> Cuisine &amp; \u00c9quipements Modernes<\/b><\/h3>\n<p data-path-to-node=\"15\">L&rsquo;autonomie d&rsquo;un g\u00eete avec le niveau d&rsquo;\u00e9quipement d&rsquo;une maison de ma\u00eetre.<\/p>\n<ul data-path-to-node=\"16\">\n<li>\n<p data-path-to-node=\"16,0,0\"><b data-path-to-node=\"16,0,0\" data-index-in-node=\"0\">Cuisine Am\u00e9nag\u00e9e :<\/b> Enti\u00e8rement \u00e9quip\u00e9e pour les passionn\u00e9s de cuisine.<\/p>\n<\/li>\n<li>\n<p data-path-to-node=\"16,1,0\"><b data-path-to-node=\"16,1,0\" data-index-in-node=\"0\">Pause Caf\u00e9 :<\/b> Machine <b data-path-to-node=\"16,1,0\" data-index-in-node=\"21\">Nespresso<\/b> \u00e0 disposition pour vos matins en terrasse.<\/p>\n<\/li>\n<\/ul>\n<h3 data-path-to-node=\"17\"><b data-path-to-node=\"17\" data-index-in-node=\"0\"><img decoding=\"async\" draggable=\"false\" role=\"img\" class=\"emoji\" alt=\"\ud83d\udce1\" src=\"https:\/\/s.w.org\/images\/core\/emoji\/17.0.2\/svg\/1f4e1.svg\"> Technologie &amp; Mobilit\u00e9<\/b><\/h3>\n<p data-path-to-node=\"18\">Le confort du futur au c\u0153ur d&rsquo;un village historique.<\/p>\n<ul data-path-to-node=\"19\">\n<li>\n<p data-path-to-node=\"19,0,0\"><b data-path-to-node=\"19,0,0\" data-index-in-node=\"0\">Connectivit\u00e9 Totale :<\/b> <b data-path-to-node=\"19,0,0\" data-index-in-node=\"22\">Wi-Fi tr\u00e8s haut d\u00e9bit<\/b> et <b data-path-to-node=\"19,0,0\" data-index-in-node=\"47\">TV Full HD connect\u00e9es<\/b> (cha\u00eenes internationales, Netflix, Disney+, Prime Video).<\/p>\n<\/li>\n<li>\n<p data-path-to-node=\"19,1,0\"><b data-path-to-node=\"19,1,0\" data-index-in-node=\"0\">\u00c9comobilit\u00e9 :<\/b> Place de <b data-path-to-node=\"19,1,0\" data-index-in-node=\"23\">parking s\u00e9curis\u00e9e<\/b> avec <b data-path-to-node=\"19,1,0\" data-index-in-node=\"46\">borne de recharge<\/b> pour v\u00e9hicules \u00e9lectriques.<\/p>\n<\/li>\n<\/ul>\n<hr data-path-to-node=\"20\">\n<h3 data-path-to-node=\"21\"><b data-path-to-node=\"21\" data-index-in-node=\"0\"><img decoding=\"async\" draggable=\"false\" role=\"img\" class=\"emoji\" alt=\"\ud83d\udccd\" src=\"https:\/\/s.w.org\/images\/core\/emoji\/17.0.2\/svg\/1f4cd.svg\"> Un Emplacement Privil\u00e9gi\u00e9<\/b><\/h3>\n<p data-path-to-node=\"22\"><i data-path-to-node=\"22\" data-index-in-node=\"0\">Laissez vos cl\u00e9s de voiture au g\u00eete&#8230;<\/i><\/p>\n<ul data-path-to-node=\"23\">\n<li>\n<p data-path-to-node=\"23,0,0\"><b data-path-to-node=\"23,0,0\" data-index-in-node=\"0\">Tout \u00e0 pied :<\/b> Le c\u0153ur du village, ses restaurants gastronomiques, ses galeries d&rsquo;art et ses mus\u00e9es (Maison de Monet, Mus\u00e9e des Impressionnismes) sont \u00e0 moins de 5 minutes de marche.<\/p>\n<\/li>\n<\/ul>\t\t\t\t\t\t\t\t<\/div>\n\t\t\t\t<\/div>\n\t\t\t\t<\/div>\n\t\t\t\t\t<\/div>\n\t\t\t\t<\/div>\n\t\t<div class=\"elementor-element elementor-element-37d57f9 e-flex e-con-boxed e-con e-parent\" data-id=\"37d57f9\" data-element_type=\"container\" data-e-type=\"container\">\n\t\t\t\t\t<div class=\"e-con-inner\">\n\t\t\t\t<div class=\"elementor-element elementor-element-31daa5a elementor-widget-divider--view-line elementor-widget elementor-widget-divider\" data-id=\"31daa5a\" data-element_type=\"widget\" data-e-type=\"widget\" data-widget_type=\"divider.default\">\n\t\t\t\t<div class=\"elementor-widget-container\">\n\t\t\t\t\t\t\t<div class=\"elementor-divider\">\n\t\t\t<span class=\"elementor-divider-separator\">\n\t\t\t\t\t\t<\/span>\n\t\t<\/div>\n\t\t\t\t\t\t<\/div>\n\t\t\t\t<\/div>\n\t\t\t\t\t<\/div>\n\t\t\t\t<\/div>\n\t\t<div class=\"elementor-element elementor-element-7f49e54 e-flex e-con-boxed e-con e-parent\" data-id=\"7f49e54\" data-element_type=\"container\" data-e-type=\"container\">\n\t\t\t\t\t<div class=\"e-con-inner\">\n\t\t\t\t<div class=\"elementor-element elementor-element-5034672 elementor-widget elementor-widget-spacer\" data-id=\"5034672\" data-element_type=\"widget\" data-e-type=\"widget\" data-widget_type=\"spacer.default\">\n\t\t\t\t<div class=\"elementor-widget-container\">\n\t\t\t\t\t\t\t<div class=\"elementor-spacer\">\n\t\t\t<div class=\"elementor-spacer-inner\"><\/div>\n\t\t<\/div>\n\t\t\t\t\t\t<\/div>\n\t\t\t\t<\/div>\n\t\t\t\t\t<\/div>\n\t\t\t\t<\/div>\n\t\t\t\t<\/div>\n\t\t","protected":false},"excerpt":{"rendered":"<p>Prestations Vous trouverez ici les tarifs pour votre s\u00e9jour, ainsi que toutes les prestations dont vous pourrez b\u00e9n\u00e9ficier lors de [&hellip;]<\/p>\n","protected":false},"author":1,"featured_media":0,"parent":0,"menu_order":0,"comment_status":"closed","ping_status":"closed","template":"","meta":{"site-sidebar-layout":"no-sidebar","site-content-layout":"","ast-site-content-layout":"full-width-container","site-content-style":"default","site-sidebar-style":"default","ast-global-header-display":"","ast-banner-title-visibility":"","ast-main-header-display":"","ast-hfb-above-header-display":"","ast-hfb-below-header-display":"","ast-hfb-mobile-header-display":"","site-post-title":"disabled","ast-breadcrumbs-content":"","ast-featured-img":"disabled","footer-sml-layout":"","ast-disable-related-posts":"","theme-transparent-header-meta":"","adv-header-id-meta":"","stick-header-meta":"","header-above-stick-meta":"","header-main-stick-meta":"","header-below-stick-meta":"","astra-migrate-meta-layouts":"default","ast-page-background-enabled":"default","ast-page-background-meta":{"desktop":{"background-color":"var(--ast-global-color-4)","background-image":"","background-repeat":"repeat","background-position":"center center","background-size":"auto","background-attachment":"scroll","background-type":"","background-media":"","overlay-type":"","overlay-color":"","overlay-opacity":"","overlay-gradient":""},"tablet":{"background-color":"","background-image":"","background-repeat":"repeat","background-position":"center center","background-size":"auto","background-attachment":"scroll","background-type":"","background-media":"","overlay-type":"","overlay-color":"","overlay-opacity":"","overlay-gradient":""},"mobile":{"background-color":"","background-image":"","background-repeat":"repeat","background-position":"center center","background-size":"auto","background-attachment":"scroll","background-type":"","background-media":"","overlay-type":"","overlay-color":"","overlay-opacity":"","overlay-gradient":""}},"ast-content-background-meta":{"desktop":{"background-color":"var(--ast-global-color-5)","background-image":"","background-repeat":"repeat","background-position":"center center","background-size":"auto","background-attachment":"scroll","background-type":"","background-media":"","overlay-type":"","overlay-color":"","overlay-opacity":"","overlay-gradient":""},"tablet":{"background-color":"var(--ast-global-color-5)","background-image":"","background-repeat":"repeat","background-position":"center center","background-size":"auto","background-attachment":"scroll","background-type":"","background-media":"","overlay-type":"","overlay-color":"","overlay-opacity":"","overlay-gradient":""},"mobile":{"background-color":"var(--ast-global-color-5)","background-image":"","background-repeat":"repeat","background-position":"center center","background-size":"auto","background-attachment":"scroll","background-type":"","background-media":"","overlay-type":"","overlay-color":"","overlay-opacity":"","overlay-gradient":""}},"footnotes":""},"class_list":["post-47","page","type-page","status-publish","hentry"],"_links":{"self":[{"href":"https:\/\/lafoliegiverny.com\/index.php\/wp-json\/wp\/v2\/pages\/47","targetHints":{"allow":["GET"]}}],"collection":[{"href":"https:\/\/lafoliegiverny.com\/index.php\/wp-json\/wp\/v2\/pages"}],"about":[{"href":"https:\/\/lafoliegiverny.com\/index.php\/wp-json\/wp\/v2\/types\/page"}],"author":[{"embeddable":true,"href":"https:\/\/lafoliegiverny.com\/index.php\/wp-json\/wp\/v2\/users\/1"}],"replies":[{"embeddable":true,"href":"https:\/\/lafoliegiverny.com\/index.php\/wp-json\/wp\/v2\/comments?post=47"}],"version-history":[{"count":105,"href":"https:\/\/lafoliegiverny.com\/index.php\/wp-json\/wp\/v2\/pages\/47\/revisions"}],"predecessor-version":[{"id":1715,"href":"https:\/\/lafoliegiverny.com\/index.php\/wp-json\/wp\/v2\/pages\/47\/revisions\/1715"}],"wp:attachment":[{"href":"https:\/\/lafoliegiverny.com\/index.php\/wp-json\/wp\/v2\/media?parent=47"}],"curies":[{"name":"wp","href":"https:\/\/api.w.org\/{rel}","templated":true}]}}